{"id":104,"date":"2019-04-28T18:33:15","date_gmt":"2019-04-28T18:33:15","guid":{"rendered":"http:\/\/dimiberic.org\/wen\/?page_id=104"},"modified":"2019-05-01T07:41:01","modified_gmt":"2019-05-01T07:41:01","slug":"quienes-somos","status":"publish","type":"page","link":"https:\/\/dimiberic.org\/index.php\/quienes-somos\/","title":{"rendered":"Quienes somos"},"content":{"rendered":"\n<p class=\"has-drop-cap has-medium-font-size\"> En el a\u00f1o 1974, tras el Concilio Vaticano II y la Declaraci\u00f3n <em>Nostra Aetate<\/em>, el Cardenal Sergio Pignedoli, presidente de lo que hoy ser\u00eda el \u201cConsejo Pontificio para el Di\u00e1logo Interreligioso\u201d, dirigi\u00f3 una carta a los abades generales  de los benedictinos y los cistercienses, para que los monjes asumamos el papel de liderazgo en el di\u00e1logo interreligioso, nos dec\u00eda: \u201cLa vida mon\u00e1stica es un puente entre las religiones\u201d.<\/p>\n\n\n\n<hr class=\"wp-block-separator\"\/>\n\n\n\n<figure class=\"wp-block-image\"><img loading=\"lazy\" decoding=\"async\" width=\"797\" height=\"352\" src=\"http:\/\/dimiberic.org\/wen\/wp-content\/uploads\/2019\/05\/Parlamento-de-las-religiones-Chicago-1893.jpg\" alt=\"\" class=\"wp-image-244\" srcset=\"https:\/\/dimiberic.org\/wp-content\/uploads\/2019\/05\/Parlamento-de-las-religiones-Chicago-1893.jpg 797w, https:\/\/dimiberic.org\/wp-content\/uploads\/2019\/05\/Parlamento-de-las-religiones-Chicago-1893-300x132.jpg 300w, https:\/\/dimiberic.org\/wp-content\/uploads\/2019\/05\/Parlamento-de-las-religiones-Chicago-1893-768x339.jpg 768w\" sizes=\"auto, (max-width: 797px) 100vw, 797px\" \/><figcaption>Parlamento de las Religiones, Chicago 1893<\/figcaption><\/figure>\n\n\n\n<hr class=\"wp-block-separator\"\/>\n\n\n\n<p class=\"has-medium-font-size\">As\u00ed nace el DIM, como una organizaci\u00f3n internacional\nmon\u00e1stica, para fomentar el di\u00e1logo interreligioso, desde la experiencia y la\npr\u00e1ctica espiritual, entre los &nbsp;monjes cristianos\ny las grandes religiones.<\/p>\n\n\n\n<hr class=\"wp-block-separator\"\/>\n\n\n\n<h2 class=\"wp-block-heading\" style=\"text-align:center\">\u00bfPor qu\u00e9 los monjes fomentamos este di\u00e1logo?<\/h2>\n\n\n\n<p class=\"has-medium-font-size\">Porque plasmamos un \u201carquetipo universal humano\u201d y por tanto la vida mon\u00e1stica, aunque diversa en cada tradici\u00f3n religiosa, es un puente para el encuentro entre ellas. <\/p>\n\n\n\n<p class=\"has-medium-font-size\">Porque buscamos a Dios, y en esta b\u00fasqueda nos reconocemos f\u00e1cilmente entre nosotros, &nbsp;entramos, espont\u00e1neamente, en un di\u00e1logo de vida experiencial. <\/p>\n\n\n\n<div class=\"wp-block-image\"><figure class=\"aligncenter is-resized\"><img loading=\"lazy\" decoding=\"async\" src=\"http:\/\/dimiberic.org\/wen\/wp-content\/uploads\/2019\/04\/Quienes-somos-1.png\" alt=\"\" class=\"wp-image-115\" width=\"355\" height=\"286\" srcset=\"https:\/\/dimiberic.org\/wp-content\/uploads\/2019\/04\/Quienes-somos-1.png 594w, https:\/\/dimiberic.org\/wp-content\/uploads\/2019\/04\/Quienes-somos-1-300x242.png 300w\" sizes=\"auto, (max-width: 355px) 100vw, 355px\" \/><\/figure><\/div>\n\n\n\n<p class=\"has-medium-font-size\">Nuestra misi\u00f3n de \u201cbuscar a Dios\u201d nos llevar a valorar e identificarnos con todo aquello que tiene un genuino valor espiritual en cada religi\u00f3n y tradici\u00f3n cultural. <\/p>\n\n\n\n<p class=\"has-medium-font-size\">Porque la acogida y la hospitalidad son valores esenciales de nuestra identidad mon\u00e1stica.<\/p>\n\n\n\n<hr class=\"wp-block-separator\"\/>\n\n\n\n<h2 class=\"wp-block-heading\" style=\"text-align:center\">Fines<\/h2>\n\n\n\n<p class=\"has-medium-font-size\">Promover el di\u00e1logo sobre la experiencia religiosa, arraigados en nuestras propias tradiciones as\u00ed compartimos nuestras riquezas espirituales, nuestros caminos de la b\u00fasqueda de Dios. <\/p>\n\n\n\n<p class=\"has-medium-font-size\">Impulsar la toma de conciencia sobre la importancia del di\u00e1logo interreligioso en las comunidades mon\u00e1sticas.<\/p>\n\n\n\n<p class=\"has-medium-font-size\">Facilitar los \u201cintercambios religiosos\u201d mediante programas de hospitalidad mon\u00e1stica, que permitan vivir experiencias temporales, tanto en nuestras hospeder\u00edas, como en monasterios de otras confesiones.<\/p>\n\n\n\n<div class=\"wp-block-image\"><figure class=\"aligncenter is-resized\"><img loading=\"lazy\" decoding=\"async\" src=\"http:\/\/dimiberic.org\/wen\/wp-content\/uploads\/2019\/04\/Cartesl-2019-Concierto-1024x665.jpg\" alt=\"\" class=\"wp-image-27\" width=\"409\" height=\"265\" srcset=\"https:\/\/dimiberic.org\/wp-content\/uploads\/2019\/04\/Cartesl-2019-Concierto-1024x665.jpg 1024w, https:\/\/dimiberic.org\/wp-content\/uploads\/2019\/04\/Cartesl-2019-Concierto-300x195.jpg 300w, https:\/\/dimiberic.org\/wp-content\/uploads\/2019\/04\/Cartesl-2019-Concierto-768x499.jpg 768w, https:\/\/dimiberic.org\/wp-content\/uploads\/2019\/04\/Cartesl-2019-Concierto-648x421.jpg 648w, https:\/\/dimiberic.org\/wp-content\/uploads\/2019\/04\/Cartesl-2019-Concierto-296x192.jpg 296w, https:\/\/dimiberic.org\/wp-content\/uploads\/2019\/04\/Cartesl-2019-Concierto.jpg 1334w\" sizes=\"auto, (max-width: 409px) 100vw, 409px\" \/><\/figure><\/div>\n\n\n\n<p class=\"has-medium-font-size\">Desde el a\u00f1o 2006 se celebran en el monasterio de Montserrat \u201cCursos de Formaci\u00f3n Interreligiosa\u201d juntamente con el ISCREB (Instituto Superior de Ciencias Religiosas de Barcelona). &nbsp;Tambi\u00e9n colaboramos con la &nbsp;CONFER (conferencia nacional de religiosos de Espa\u00f1a) y con otras confesiones religiosas en la organizaci\u00f3n y participaci\u00f3n de diversos actos y reuniones interreligiosas. Juntos hemos creado el FEIR \u201cForo de Encuentro Interreligioso\u201d, que organiza la Jornada Interreligiosa anual. <\/p>\n","protected":false},"excerpt":{"rendered":"<p>En el a\u00f1o 1974, tras el Concilio Vaticano II y la Declaraci\u00f3n Nostra Aetate, el Cardenal Sergio Pignedoli, presidente de lo que hoy&#8230;<\/p>\n","protected":false},"author":2,"featured_media":0,"parent":0,"menu_order":0,"comment_status":"closed","ping_status":"closed","template":"","meta":{"footnotes":""},"class_list":["post-104","page","type-page","status-publish","hentry"],"_links":{"self":[{"href":"https:\/\/dimiberic.org\/index.php\/wp-json\/wp\/v2\/pages\/104","targetHints":{"allow":["GET"]}}],"collection":[{"href":"https:\/\/dimiberic.org\/index.php\/wp-json\/wp\/v2\/pages"}],"about":[{"href":"https:\/\/dimiberic.org\/index.php\/wp-json\/wp\/v2\/types\/page"}],"author":[{"embeddable":true,"href":"https:\/\/dimiberic.org\/index.php\/wp-json\/wp\/v2\/users\/2"}],"replies":[{"embeddable":true,"href":"https:\/\/dimiberic.org\/index.php\/wp-json\/wp\/v2\/comments?post=104"}],"version-history":[{"count":5,"href":"https:\/\/dimiberic.org\/index.php\/wp-json\/wp\/v2\/pages\/104\/revisions"}],"predecessor-version":[{"id":245,"href":"https:\/\/dimiberic.org\/index.php\/wp-json\/wp\/v2\/pages\/104\/revisions\/245"}],"wp:attachment":[{"href":"https:\/\/dimiberic.org\/index.php\/wp-json\/wp\/v2\/media?parent=104"}],"curies":[{"name":"wp","href":"https:\/\/api.w.org\/{rel}","templated":true}]}}