{"id":122,"date":"2019-04-29T10:33:44","date_gmt":"2019-04-29T10:33:44","guid":{"rendered":"http:\/\/dimiberic.org\/wen\/?page_id=122"},"modified":"2019-05-01T07:46:25","modified_gmt":"2019-05-01T07:46:25","slug":"actividades","status":"publish","type":"page","link":"https:\/\/dimiberic.org\/index.php\/actividades\/","title":{"rendered":"Actividades"},"content":{"rendered":"\n<div class=\"wp-block-image\"><figure class=\"alignright is-resized\"><img loading=\"lazy\" decoding=\"async\" src=\"http:\/\/dimiberic.org\/wen\/wp-content\/uploads\/2019\/04\/5395bdef-557c-4636-a7ce-2a2c9f086599-1024x767.jpg\" alt=\"\" class=\"wp-image-23\" width=\"380\" height=\"284\" srcset=\"https:\/\/dimiberic.org\/wp-content\/uploads\/2019\/04\/5395bdef-557c-4636-a7ce-2a2c9f086599-1024x767.jpg 1024w, https:\/\/dimiberic.org\/wp-content\/uploads\/2019\/04\/5395bdef-557c-4636-a7ce-2a2c9f086599-300x225.jpg 300w, https:\/\/dimiberic.org\/wp-content\/uploads\/2019\/04\/5395bdef-557c-4636-a7ce-2a2c9f086599-768x575.jpg 768w, https:\/\/dimiberic.org\/wp-content\/uploads\/2019\/04\/5395bdef-557c-4636-a7ce-2a2c9f086599-648x485.jpg 648w, https:\/\/dimiberic.org\/wp-content\/uploads\/2019\/04\/5395bdef-557c-4636-a7ce-2a2c9f086599-256x192.jpg 256w, https:\/\/dimiberic.org\/wp-content\/uploads\/2019\/04\/5395bdef-557c-4636-a7ce-2a2c9f086599.jpg 1600w\" sizes=\"auto, (max-width: 380px) 100vw, 380px\" \/><figcaption>Jornada Interreligiosa Madrid 2019<\/figcaption><\/figure><\/div>\n\n\n\n<p class=\"has-medium-font-size\">La comisi\u00f3n se re\u00fane cada a\u00f1o para programar las actividades\ndel a\u00f1o en curso y el siguiente, adem\u00e1s de celebrar la jornada interreligiosa, abierta\na todos, donde estudiamos un tema espiritual de las religiones que participamos.\nTambi\u00e9n formamos parte de las reuniones de la \u201cComisi\u00f3n europea de DIM\u201d. <\/p>\n\n\n\n<p class=\"has-medium-font-size\">Elaboramos el bolet\u00edn anual, con todas las cr\u00f3nicas y\nactividades del a\u00f1o.<\/p>\n\n\n\n<p class=\"has-medium-font-size\">Desde 2006 organizamos en el monasterio de Montserrat \u201cCursos\nde Formaci\u00f3n Interreligiosa\u201d juntamente con el ISCREB (Instituto Superior de\nCiencias Religiosas de Barcelona).<\/p>\n\n\n\n<p class=\"has-medium-font-size\">A partir del 2016 colaboramos con la CONFER (Conferencia\nNacional de Religiosos de Espa\u00f1a) y con grupos de otras confesiones religiosas en\nla organizaci\u00f3n y participaci\u00f3n de diversos actos y reuniones interreligiosas. Juntos\nhemos creado el FEIR \u201cForo de Encuentro Interreligioso\u201d.<\/p>\n\n\n\n<hr class=\"wp-block-separator\"\/>\n\n\n\n<div class=\"wp-block-image\"><figure class=\"aligncenter\"><img loading=\"lazy\" decoding=\"async\" width=\"200\" height=\"112\" src=\"http:\/\/dimiberic.org\/wen\/wp-content\/uploads\/2019\/04\/Papa-e-Iman.jpg\" alt=\"\" class=\"wp-image-32\"\/><\/figure><\/div>\n","protected":false},"excerpt":{"rendered":"<p>La comisi\u00f3n se re\u00fane cada a\u00f1o para programar las actividades del a\u00f1o en curso y el siguiente, adem\u00e1s de celebrar la jornada interreligiosa,&#8230;<\/p>\n","protected":false},"author":2,"featured_media":0,"parent":0,"menu_order":0,"comment_status":"closed","ping_status":"closed","template":"","meta":{"footnotes":""},"class_list":["post-122","page","type-page","status-publish","hentry"],"_links":{"self":[{"href":"https:\/\/dimiberic.org\/index.php\/wp-json\/wp\/v2\/pages\/122","targetHints":{"allow":["GET"]}}],"collection":[{"href":"https:\/\/dimiberic.org\/index.php\/wp-json\/wp\/v2\/pages"}],"about":[{"href":"https:\/\/dimiberic.org\/index.php\/wp-json\/wp\/v2\/types\/page"}],"author":[{"embeddable":true,"href":"https:\/\/dimiberic.org\/index.php\/wp-json\/wp\/v2\/users\/2"}],"replies":[{"embeddable":true,"href":"https:\/\/dimiberic.org\/index.php\/wp-json\/wp\/v2\/comments?post=122"}],"version-history":[{"count":4,"href":"https:\/\/dimiberic.org\/index.php\/wp-json\/wp\/v2\/pages\/122\/revisions"}],"predecessor-version":[{"id":249,"href":"https:\/\/dimiberic.org\/index.php\/wp-json\/wp\/v2\/pages\/122\/revisions\/249"}],"wp:attachment":[{"href":"https:\/\/dimiberic.org\/index.php\/wp-json\/wp\/v2\/media?parent=122"}],"curies":[{"name":"wp","href":"https:\/\/api.w.org\/{rel}","templated":true}]}}