{"id":215,"date":"2019-04-30T18:05:27","date_gmt":"2019-04-30T18:05:27","guid":{"rendered":"http:\/\/dimiberic.org\/wen\/?page_id=215"},"modified":"2019-04-30T18:05:27","modified_gmt":"2019-04-30T18:05:27","slug":"aviso-legal","status":"publish","type":"page","link":"https:\/\/dimiberic.org\/index.php\/aviso-legal\/","title":{"rendered":"Aviso legal"},"content":{"rendered":"\n<p>DIM, Di\u00e1logo Interreligioso Mon\u00e1stico (EN ADELANTE EL\nPROPIETARIO) ponen a disposici\u00f3n en su sitio web http:\/\/dimiberic.org\ndeterminados contenidos de car\u00e1cter informativo sobre sus actividades. Las\npresentes condiciones generales rigen \u00fanica y exclusivamente el uso del sitio\nweb de EL PROPIETARIO por parte de los USUARIOS que accedan al mismo. Las\npresentes condiciones generales se le exponen al USUARIO en el sitio web&nbsp;http:\/\/dimiberic.org&nbsp;en\ntodas y cada una de las p\u00e1ginas, para que las lea, las imprima, archive y\nacepte a trav\u00e9s de internet y se encuentre plenamente informado.<\/p>\n\n\n\n<p>OBJETO<\/p>\n\n\n\n<p>La utilizaci\u00f3n de cualquiera de los servicios ofrecidos en\nel sitio web&nbsp;http:\/\/dimiberic.org&nbsp;le atribuye, desde su comienzo, la\ncondici\u00f3n de usuario y ser\u00e1 considerada aceptaci\u00f3n expresa, voluntaria y sin\nreservas de estas condiciones legales. http:\/\/dimiberic.org&nbsp;pone a\ndisposici\u00f3n de los usuarios el presente aviso legal con la finalidad de\ninformar de las condiciones de uso del sitio web, en virtud de los establecido\nen la Ley 34\/2002, de Servicios de la Sociedad de la Informaci\u00f3n y del Comercio\nElectr\u00f3nico (LSSICE). http:\/\/dimiberic.org&nbsp;es una plataforma que variar\u00e1\ncon el tiempo, adapt\u00e1ndose a las necesidades de los usuarios y a las nuevas\ntecnolog\u00edas, debido a ello, EL PROPIETARIO se reserva el derecho a modificar\ncualquier tipo de informaci\u00f3n que pudiera aparecer en el sitio web, sin que\nexista obligaci\u00f3n de preavisar o poner en conocimiento del usuario dichas\nmodificaciones, entendi\u00e9ndose como suficiente su publicaci\u00f3n en el propio sitio\nweb.<\/p>\n\n\n\n<p>El acceso al sitio web de EL PROPIETARIO&nbsp;implica sin\nreservas la aceptaci\u00f3n de las presentes condiciones generales de uso que el\nUSUARIO afirma comprender en su totalidad. El USUARIO se compromete no a\nutilizar el sitio web y los servicios que se ofrecen en el mismo para la realizaci\u00f3n\nde actividades contrarias a la ley y a respetar en todo momento las presentes\ncondiciones generales.<\/p>\n\n\n\n<p>PRIMERA \u2013 CONDICIONES DE ACCESO Y USO<\/p>\n\n\n\n<p>1.1.-&nbsp;La utilizaci\u00f3n del sitio web de EL PROPIETARIO,\nno conlleva la obligatoriedad de inscripci\u00f3n del USUARIO. Las condiciones de\nacceso y uso del presente sitio web se rigen estrictamente por la legalidad\nvigente y por el principio de buena fe comprometi\u00e9ndose el USUARIO a realizar\nun buen uso de la web. Quedan prohibidos todos los actos que vulneren la\nlegalidad, derechos o intereses de terceros: derecho a la intimidad, protecci\u00f3n\nde datos, propiedad intelectual etc. Expresamente EL PROPIETARIO&nbsp;proh\u00edben\nlos siguientes:<\/p>\n\n\n\n<p>1.1.1.-&nbsp;Realizar acciones que puedan producir en el\nsitio web o a trav\u00e9s del mismo por cualquier medio cualquier tipo de da\u00f1o a los\nsistemas de EL PROPIETARIO&nbsp;o a terceros.<\/p>\n\n\n\n<p>1.1.2.-&nbsp;Realizar sin la debida autorizaci\u00f3n cualquier\ntipo de publicidad o informaci\u00f3n comercial directamente o de forma encubierta,\nel env\u00edo de correos masivos (\u201cspaming\u201d) o env\u00edo de grandes mensajes con el fin\nde bloquear servidores de la red (\u201cmail bombing\u201d)<\/p>\n\n\n\n<p>1.2.- EL PROPIETARIO, podr\u00e1 interrumpir en cualquier momento\nel acceso a su sitio web si detectan un uso contrario a la legalidad, la buena\nfe o a las presentes condiciones generales- ver estipulaci\u00f3n tercera.<\/p>\n\n\n\n<p>1.3.- Al usuario le queda prohibido, de forma enunciativa\npero no limitativa, realizar ingenier\u00eda inversa, descompilar, desensamblar,\nreproducir, traducir, modificar, versionar, comercializar, duplicar,\ntransformar ni transmitir a persona o entidad, parcialmente o en su totalidad,\nen forma o por medio alguno, ya sea mec\u00e1nico, magn\u00e9tico, por fotocopia o\ncualquier otro, o eliminar cualquier aviso de propiedad o etiquetas de la\naplicaci\u00f3n telem\u00e1tica, de forma enunciativa y no limitativa, los diagramas\nl\u00f3gicos, c\u00f3digos fuente, objeto y \/ o el modelo de datos, sin previa y expresa\nautorizaci\u00f3n por escrito de EL PROPIETARIO.<\/p>\n\n\n\n<p>SEGUNDA \u2013 CONTENIDOS<\/p>\n\n\n\n<p>Los contenidos incorporados en este sitio web han sido\nelaborados e incluidos por: 2.1.- EL PROPIETARIO&nbsp;utilizando fuentes\ninternas y externas de tal modo que EL PROPIETARIO&nbsp;\u00fanicamente se hace\nresponsable por los contenidos elaborados de forma interna. 2.2.- EL\nPROPIETARIO&nbsp;se reserva el derecho a modificar en cualquier momento los\ncontenidos existentes en su sitio web. EL PROPIETARIO&nbsp;no asegura ni se\nresponsabiliza del correcto funcionamiento de los enlaces a sitios web de\nterceros que figuren en http:\/\/www.monasteriohuerta.org. EL PROPIETARIO&nbsp;no\ngarantiza la veracidad, exactitud o actualidad de los contenidos y servicios\nofrecidos por terceros y quedan expresamente exentos de todo tipo de\nresponsabilidad por los da\u00f1os y perjuicios que puedan derivarse de la falta de\nexactitud de estos contenidos y servicios.<\/p>\n\n\n\n<p>TERCERA \u2013 RESPONSABILIDAD<\/p>\n\n\n\n<p>3.1.- EL PROPIETARIO&nbsp;en ning\u00fan caso ser\u00e1 responsable\nde:<\/p>\n\n\n\n<p>3.1.1.-&nbsp;Los fallos e incidencias que pudieran\nproducirse en las comunicaciones, borrado o transmisiones incompletas de manera\nque no se garantiza que los servicios del sitio web est\u00e9n constantemente operativos.<\/p>\n\n\n\n<p>3.1.2.-&nbsp;De la producci\u00f3n de cualquier tipo de da\u00f1o que\nlos USUARIOS o terceros pudiesen ocasionar en el sitio web.<\/p>\n\n\n\n<p>3.1.3.-&nbsp;De la fiabilidad y veracidad de las\ninformaciones introducidas por terceros en el sitio web, bien directamente,\nbien a trav\u00e9s de enlaces o links. Asimismo, EL PROPIETARIO&nbsp;colaborar\u00e1 y\nnotificar\u00e1 a la autoridad competente estas incidencias en el momento en que\ntengan conocimiento fehaciente de que los da\u00f1os ocasionados constituyan\ncualquier tipo de actividad il\u00edcita.<\/p>\n\n\n\n<p>3.2.- EL PROPIETARIO&nbsp;se reserva el derecho a suspender\nel acceso sin previo aviso de forma discrecional y con car\u00e1cter definitivo o\ntemporal hasta el aseguramiento de la efectiva responsabilidad de los da\u00f1os que\npudieran producirse. Asimismo, EL PROPIETARIO&nbsp;colaborar\u00e1 y notificar\u00e1 a la\nautoridad competente estas incidencias en el momento en que tenga conocimiento\nfehaciente de que los da\u00f1os ocasionados constituyan cualquier tipo de actividad\nil\u00edcita.<\/p>\n\n\n\n<p>CUARTA \u2013 PROPIEDAD INTELECTUAL E INDUSTRIAL<\/p>\n\n\n\n<p>Todos los contenidos, marcas, dise\u00f1os, logos, iconos,\nbotones, software, nombres comerciales, nombres de dominio, y cualesquiera\notros signos o elementos susceptibles de protecci\u00f3n por derechos de propiedad\nintelectual e industrial que formen parte del presente sitio web son propiedad\nde EL PROPIETARIO.<\/p>\n\n\n\n<p>Los derechos de explotaci\u00f3n del sitio web son titularidad de\nEL PROPIETARIO y est\u00e1n protegidos por las Leyes de Propiedad Intelectual\nespa\u00f1olas y por las leyes aplicables del pa\u00eds donde se utilice. La estructura,\norganizaci\u00f3n y codificaci\u00f3n del sitio web constituyen valiosos secretos\ncomerciales e informaci\u00f3n confidencial de EL PROPIETARIO. As\u00ed, el usuario\ndeber\u00e1, por tanto, tratar la &nbsp;aplicaci\u00f3n inform\u00e1tica web de la misma forma\nque har\u00eda con cualquier otro material protegido con derechos de propiedad\nintelectual y no podr\u00e1 copiarlas sin autorizaci\u00f3n expresa y por escrito de sus\ntitulares.<\/p>\n\n\n\n<p>En ning\u00fan caso se entender\u00e1 que se concede licencia alguna o\nse efect\u00faa renuncia, transmisi\u00f3n, cesi\u00f3n total o parcial de dichos derechos, ni\nse confiere ning\u00fan derecho, y en especial, de explotaci\u00f3n, reproducci\u00f3n,\ndistribuci\u00f3n, transformaci\u00f3n o comunicaci\u00f3n p\u00fablica sobre dichos contenidos sin\nla previa autorizaci\u00f3n expresa y por escrito de EL PROPIETARIO (en lo que\nrespecta al dise\u00f1o del sitio o al uso del nombre \u201cmonasterio Huerta, Monjes\ntrapenses, etc\u201d) o de los terceros correspondientes. Las marcas deber\u00e1n\nutilizarse de conformidad con los usos comerciales sobre marcas, incluida la\nmenci\u00f3n del nombre del propietario de la marca.<\/p>\n\n\n\n<p>QUINTA \u2013 JURISDICCI\u00d3N Y LEY APLICABLE<\/p>\n\n\n\n<p>Las presentes condiciones generales se rigen por la\nlegislaci\u00f3n espa\u00f1ola. Son competentes para resolver toda controversia o\nconflicto que se derive de las presentes condiciones generales los Juzgados de\nSoria renunciando expresamente el USUARIO a cualquier otro fuero que pudiera\ncorresponderle.<\/p>\n\n\n\n<p>SEXTA \u2013 ENLACES A OTROS SITIOS DE INTERNET<\/p>\n\n\n\n<p>Este sitio web puede contener enlaces o hiperv\u00ednculos que\nconducen a otras p\u00e1ginas web gestionadas por terceros ajenos a nuestra\norganizaci\u00f3n. As\u00ed, pues, EL PROPIETARIO no puede garantizar el contenido o las\ninformaciones que se recojan en dichas p\u00e1ginas web mencionadas, ni su veracidad\no actualizaci\u00f3n y, en consecuencia, EL PROPIETARIO queda eximido de cualquier\nresponsabilidad por da\u00f1os y perjuicios de todo tipo que puedan derivarse de la\nutilizaci\u00f3n de p\u00e1ginas web ajenas a&nbsp;http:\/\/dimiberic.org<\/p>\n\n\n\n<p>S\u00c9PTIMA \u2013 ANULACI\u00d3N<\/p>\n\n\n\n<p>En caso de que cualquier cl\u00e1usula del presente documento sea\ndeclarada nula, las dem\u00e1s cl\u00e1usulas seguir\u00e1n vigentes y se interpretar\u00e1n\nteniendo en cuenta la voluntad de las partes y la finalidad misma de las\npresentes condiciones. EL PROPIETARIO&nbsp;podr\u00e1 no ejercitar alguno de los\nderechos y facultades conferidos en este documento lo que no implicar\u00e1 en\nning\u00fan caso la renuncia a los mismos salvo reconocimiento expreso por parte de\nEL PROPIETARIO.<\/p>\n","protected":false},"excerpt":{"rendered":"<p>DIM, Di\u00e1logo Interreligioso Mon\u00e1stico (EN ADELANTE EL PROPIETARIO) ponen a disposici\u00f3n en su sitio web http:\/\/dimiberic.org determinados contenidos de car\u00e1cter informativo sobre sus&#8230;<\/p>\n","protected":false},"author":2,"featured_media":0,"parent":0,"menu_order":0,"comment_status":"closed","ping_status":"closed","template":"","meta":{"footnotes":""},"class_list":["post-215","page","type-page","status-publish","hentry"],"_links":{"self":[{"href":"https:\/\/dimiberic.org\/index.php\/wp-json\/wp\/v2\/pages\/215","targetHints":{"allow":["GET"]}}],"collection":[{"href":"https:\/\/dimiberic.org\/index.php\/wp-json\/wp\/v2\/pages"}],"about":[{"href":"https:\/\/dimiberic.org\/index.php\/wp-json\/wp\/v2\/types\/page"}],"author":[{"embeddable":true,"href":"https:\/\/dimiberic.org\/index.php\/wp-json\/wp\/v2\/users\/2"}],"replies":[{"embeddable":true,"href":"https:\/\/dimiberic.org\/index.php\/wp-json\/wp\/v2\/comments?post=215"}],"version-history":[{"count":1,"href":"https:\/\/dimiberic.org\/index.php\/wp-json\/wp\/v2\/pages\/215\/revisions"}],"predecessor-version":[{"id":217,"href":"https:\/\/dimiberic.org\/index.php\/wp-json\/wp\/v2\/pages\/215\/revisions\/217"}],"wp:attachment":[{"href":"https:\/\/dimiberic.org\/index.php\/wp-json\/wp\/v2\/media?parent=215"}],"curies":[{"name":"wp","href":"https:\/\/api.w.org\/{rel}","templated":true}]}}