{"id":218,"date":"2019-04-30T18:07:30","date_gmt":"2019-04-30T18:07:30","guid":{"rendered":"http:\/\/dimiberic.org\/wen\/?page_id=218"},"modified":"2019-04-30T18:07:30","modified_gmt":"2019-04-30T18:07:30","slug":"privacidad","status":"publish","type":"page","link":"https:\/\/dimiberic.org\/index.php\/privacidad\/","title":{"rendered":"Privacidad"},"content":{"rendered":"\n<p>Primera \u2013 Confidencialidad<\/p>\n\n\n\n<p>EL PROPIETARIO se compromete al cumplimiento de su\nobligaci\u00f3n de secreto de los datos de car\u00e1cter personal y de su deber de\nguardarlos de forma confidencial y adoptar\u00e1n las medidas necesarias para evitar\nsu alteraci\u00f3n, p\u00e9rdida, tratamiento o acceso no autorizado, habida cuenta en\ntodo momento del estado de la tecnolog\u00eda.<\/p>\n\n\n\n<p>Segunda \u2013 Seguridad de los datos<\/p>\n\n\n\n<p>EL PROPIETARIO garantiza la adopci\u00f3n de las medidas\noportunas para asegurar el tratamiento confidencial de dichos datos. Por ello,\nhan implantado todas las medidas de seguridad t\u00e9cnicas y organizativas\nnecesarias que garanticen la integridad, confidencialidad y disponibilidad de\nlos datos personales facilitados por el usuario, en particular las estipuladas\nen la Ley Org\u00e1nica 15\/1999, de 13 de diciembre, de Protecci\u00f3n de Datos de\nCar\u00e1cter Personal (LOPD) y su Reglamento de Desarrollo RD 1720\/2007.<\/p>\n\n\n\n<p>Tercera \u2013 Protecci\u00f3n de datos de car\u00e1cter personal<\/p>\n\n\n\n<p>Los datos personales de contacto que nos facilite\nvoluntariamente, ser\u00e1n tratados de manera confidencial, bajo la protecci\u00f3n y\nlas especificaciones contenidas en la Ley Org\u00e1nica 15\/1999, de 13 de diciembre,\nde Protecci\u00f3n de Datos de Car\u00e1cter Personal (LOPD), recogi\u00e9ndose en el fichero\n\u201cCONTACTOS\u201d debidamente inscrito en la Agencia de Protecci\u00f3n de Datos, cuyos\nResponsables son EL PROPIETARIO y cuyo recabo es necesario al objeto del env\u00edo\nde informaci\u00f3n, respuesta a consultas y contactos gen\u00e9ricos mediante el correo\nelectr\u00f3nico.<\/p>\n\n\n\n<p>El interesado podr\u00e1 ejercitar los derechos de acceso,\nrectificaci\u00f3n, cancelaci\u00f3n y oposici\u00f3n dirigi\u00e9ndose por correo electr\u00f3nico a la\ndirecci\u00f3n&nbsp;joseluis@monasteriohuerta.org, con la referencia: \u201cProtecci\u00f3n de\nDatos\u201d, a trav\u00e9s de un escrito firmado al efecto y adjuntando copia de su DNI.<\/p>\n\n\n\n<p>Cuarta \u2013 LSSICE<\/p>\n\n\n\n<p>Asimismo, le informamos de que NO se utilizar\u00e1n dichos datos\npara el env\u00edo de comunicaciones comerciales por correo electr\u00f3nico no\nsolicitadas o no autorizadas expresa y previamente por el interesado, seg\u00fan lo\nestipulado en la LSSICE.<\/p>\n","protected":false},"excerpt":{"rendered":"<p>Primera \u2013 Confidencialidad EL PROPIETARIO se compromete al cumplimiento de su obligaci\u00f3n de secreto de los datos de car\u00e1cter personal y de su&#8230;<\/p>\n","protected":false},"author":2,"featured_media":0,"parent":0,"menu_order":0,"comment_status":"closed","ping_status":"closed","template":"","meta":{"footnotes":""},"class_list":["post-218","page","type-page","status-publish","hentry"],"_links":{"self":[{"href":"https:\/\/dimiberic.org\/index.php\/wp-json\/wp\/v2\/pages\/218","targetHints":{"allow":["GET"]}}],"collection":[{"href":"https:\/\/dimiberic.org\/index.php\/wp-json\/wp\/v2\/pages"}],"about":[{"href":"https:\/\/dimiberic.org\/index.php\/wp-json\/wp\/v2\/types\/page"}],"author":[{"embeddable":true,"href":"https:\/\/dimiberic.org\/index.php\/wp-json\/wp\/v2\/users\/2"}],"replies":[{"embeddable":true,"href":"https:\/\/dimiberic.org\/index.php\/wp-json\/wp\/v2\/comments?post=218"}],"version-history":[{"count":1,"href":"https:\/\/dimiberic.org\/index.php\/wp-json\/wp\/v2\/pages\/218\/revisions"}],"predecessor-version":[{"id":220,"href":"https:\/\/dimiberic.org\/index.php\/wp-json\/wp\/v2\/pages\/218\/revisions\/220"}],"wp:attachment":[{"href":"https:\/\/dimiberic.org\/index.php\/wp-json\/wp\/v2\/media?parent=218"}],"curies":[{"name":"wp","href":"https:\/\/api.w.org\/{rel}","templated":true}]}}