{"id":221,"date":"2019-04-30T18:09:57","date_gmt":"2019-04-30T18:09:57","guid":{"rendered":"http:\/\/dimiberic.org\/wen\/?page_id=221"},"modified":"2019-04-30T18:09:57","modified_gmt":"2019-04-30T18:09:57","slug":"cookies","status":"publish","type":"page","link":"https:\/\/dimiberic.org\/index.php\/cookies\/","title":{"rendered":"Cookies"},"content":{"rendered":"\n<p>\u00bfQu\u00e9 es una cookie?<\/p>\n\n\n\n<p>Las cookies son ficheros que se descargan en el terminal\n(ordenador\/smartphone\/tablet) del usuario al acceder a determinadas p\u00e1ginas\nweb&nbsp;y que se almacenan en la memoria del mismo. Las cookies&nbsp;permiten,\nentre otras cosas,&nbsp;almacenar y recuperar informaci\u00f3n\nsobre&nbsp;los&nbsp;h\u00e1bitos de navegaci\u00f3n&nbsp;de un usuario o de su\nequipo,&nbsp;ver qu\u00e9 p\u00e1ginas se visitan, el&nbsp;tiempo de\nconexi\u00f3n,&nbsp;analizar&nbsp;el&nbsp;funcionamiento de una p\u00e1gina, si\nexisten&nbsp;problemas t\u00e9cnicos, etc. Dependiendo de la informaci\u00f3n que\ncontengan y la forma en que se utilice el terminal,&nbsp;pueden utilizarse para\nreconocer al usuario.<\/p>\n\n\n\n<p>\u00bfQu\u00e9 tipos de cookies existen?<\/p>\n\n\n\n<p>Existen&nbsp;varios tipos&nbsp;de cookies&nbsp;en funci\u00f3n de\ndistintos criterios:<\/p>\n\n\n\n<p>En funci\u00f3n de la&nbsp;titularidad:<\/p>\n\n\n\n<p>Cookies propias. Son las que pertenecen a http:\/\/www.dimiberic.org.<\/p>\n\n\n\n<p>Cookies de terceros. Son aquellas cuya titularidad es de un\ntercero, distinto de http:\/\/www.dimiberic.org&nbsp;que ser\u00e1 quien trate la\ninformaci\u00f3n recabada.<\/p>\n\n\n\n<p>En funci\u00f3n de su&nbsp;finalidad:<\/p>\n\n\n\n<p>Cookies t\u00e9cnicas y\/o de personalizaci\u00f3n.&nbsp;Son aqu\u00e9llas\nque sirven para mejorar el servicio, localizar incidencias, reconocer al\nusuario, etc.<\/p>\n\n\n\n<p>Cookies de an\u00e1lisis y\/o de publicidad. Son aqu\u00e9llas que\nsirven para analizar informaci\u00f3n sobre la navegaci\u00f3n y ofrecer publicidad, sea\ngen\u00e9rica o personalizada.<\/p>\n\n\n\n<p>\u00bfPara qu\u00e9 sirve una cookie?<\/p>\n\n\n\n<p>Las cookies&nbsp;se utilizan para poder ofrecerle servicios\ny\/o publicidad personalizados, para&nbsp;analizar&nbsp;el&nbsp;funcionamiento\ndel sistema,&nbsp;reconocerle cuando accede&nbsp;como usuario, localizar\nincidencias y problemas&nbsp;que puedan surgir y solventarlos en el menor plazo\nposible, as\u00ed como&nbsp;analizar y medir el uso y actividad de la web.<\/p>\n\n\n\n<p>\u00bfSe necesita mi consentimiento para implantar una cookie?<\/p>\n\n\n\n<p>No se precisa el consentimiento para la instalaci\u00f3n de\ncookies t\u00e9cnicas&nbsp;o las que sean estrictamente necesarias para la\nprestaci\u00f3n de un servicio de la sociedad de la informaci\u00f3n expresamente\nsolicitado por el destinatario.&nbsp;Para el resto, s\u00ed se precisa del\nconsentimiento del interesado&nbsp;que se puede solicitar por distintas\nv\u00edas.&nbsp;En el caso de Http:\/\/www.dimiberic.org, se entender\u00e1 otorgado si Vd.\nsigue utilizando la p\u00e1gina web, sin perjuicio de que en cualquier momento podr\u00e1\nrevocarlo y desactivar las cookies.<\/p>\n\n\n\n<p>\u00bfQu\u00e9 cookies utiliza actualmente http:\/\/www.dimiberic.org?<\/p>\n\n\n\n<p>T\u00c9CNICAS: Son&nbsp;cookies PROPIAS, de sesi\u00f3n, de\nidentificaci\u00f3n, de configuraci\u00f3n y de registro, estrictamente necesarias para\nla identificaci\u00f3n del usuario y para la prestaci\u00f3n de los servicios solicitados\npor el usuario. La informaci\u00f3n obtenida a trav\u00e9s de las mismas es tratada\n\u00fanicamente por http:\/\/www.dimiberic.org.<\/p>\n\n\n\n<p>DE AN\u00c1LISIS: Son aqu\u00e9llas que, bien tratadas por nosotros o\npor terceros, nos&nbsp;permiten cuantificar el n\u00famero de usuarios y as\u00ed\nrealizar la medici\u00f3n y an\u00e1lisis estad\u00edstico&nbsp;de la utilizaci\u00f3n que hacen\nlos usuarios del servicio ofertado. Para ello se analiza su navegaci\u00f3n en\nnuestra p\u00e1gina web con el fin de mejorar la oferta de productos o servicios que\nle ofrecemos.<\/p>\n\n\n\n<p>Las&nbsp;cookies de an\u00e1lisis utilizadas&nbsp;por http:\/\/www.dimiberic.org&nbsp;son\nlas siguientes:<\/p>\n\n\n\n<p>\u201cGoogle cookies\u201c&nbsp;La informaci\u00f3n obtenida por la misma\nes tratada por http:\/\/www.monasteriohuerta.org&nbsp;y por el tercero Google\nIreland Limited https:\/\/www.google.es\/intl\/es\/policies\/technologies\/cookies\/<\/p>\n\n\n\n<p>\u201cBing cookies\u201c&nbsp;La informaci\u00f3n obtenida por la misma es\ntratada por http:\/\/www.monasteriohuerta.org&nbsp;y por dos terceros : Microsoft\ny Yahoo Sarl http:\/\/www.microsoft.com\/privacystatement\/en-gb\/bing\/default.aspx\ny http:\/\/info.yahoo.com\/privacy\/es\/yahoo\/cookies\/<\/p>\n\n\n\n<p>Las mencionadas empresas\nnos&nbsp;prestan&nbsp;el&nbsp;servicio de an\u00e1lisis de&nbsp;la&nbsp;audiencia de\nnuestra p\u00e1gina&nbsp;y pueden utilizar estos datos para mejorar sus propios\nservicios y para ofrecer servicios a otras empresas.&nbsp;Puede conocer estos y\notros usos desde los enlaces indicados.&nbsp;Estas herramientas no obtienen\ndatos de los nombres o apellidos de los usuarios ni de la direcci\u00f3n postal\ndesde donde se conectan.<\/p>\n\n\n\n<p>La&nbsp;informaci\u00f3n que obtienen&nbsp;est\u00e1 relacionada con,\nel&nbsp;n\u00famero de p\u00e1ginas visitadas, el&nbsp;idioma,&nbsp;red social&nbsp;en la\nque se publican nuestras noticias, la&nbsp;ciudad&nbsp;a la que est\u00e1 asignada\nla&nbsp;direcci\u00f3n IP&nbsp;desde la que acceden los usuarios, el&nbsp;n\u00famero de\nusuarios que nos visitan, la&nbsp;frecuencia y reincidencia de&nbsp;las\nvisitas, el&nbsp;tiempo de visita, el&nbsp;navegador que usan, el&nbsp;operador\no tipo de terminal desde el que se realiza la visita.&nbsp;Esta informaci\u00f3n la\nutilizamos para mejorar nuestra p\u00e1gina, detectar nuevas necesidades y valorar\nlas mejoras a introducir con la finalidad de prestar un mejor servicio a los\nusuarios que nos visitan.<\/p>\n\n\n\n<p>\u00bfC\u00f3mo puedo desactivar las cookies?<\/p>\n\n\n\n<p>La&nbsp;mayor\u00eda de&nbsp;los&nbsp;navegadores indican c\u00f3mo\nconfigurar su navegador para que no acepte cookies, para que le notifique cada\nvez que reciba una nueva cookie, as\u00ed como para desactivarlas completamente.\nPara controlar qu\u00e9 uso quiere que se haga de su informaci\u00f3n,&nbsp;puede\nconfigurar el navegador de su terminal en la forma que estime m\u00e1s conveniente\npara Vd.&nbsp;En todo caso, le hacemos notar que si se desactivan las cookies\nt\u00e9cnicas y\/o de funcionamiento, la calidad de la p\u00e1gina web puede disminuir o\npuede que cueste m\u00e1s identificarle.<\/p>\n\n\n\n<p>A continuaci\u00f3n le facilitamos los enlaces de los principales\nnavegadores y dispositivos para que disponga de toda la informaci\u00f3n sobre c\u00f3mo\ngestionar las cookies en su navegador.<\/p>\n\n\n\n<p>INTERNET EXPLORER<\/p>\n\n\n\n<p>Versi\u00f3n 5:&nbsp;<a href=\"http:\/\/support.microsoft.com\/kb\/196955\/es\">http:\/\/support.microsoft.com\/kb\/196955\/es<\/a><\/p>\n\n\n\n<p>Versi\u00f3n 6&nbsp;<a href=\"http:\/\/support.microsoft.com\/kb\/283185\/es\">http:\/\/support.microsoft.com\/kb\/283185\/es<\/a><\/p>\n\n\n\n<p>Versi\u00f3n 7 y 8&nbsp;<a href=\"http:\/\/windows.microsoft.com\/es-ES\/windows-vista\/Block-or-allow-cookies\">http:\/\/windows.microsoft.com\/es-ES\/windows-vista\/Block-or-allow-cookies<\/a><\/p>\n\n\n\n<p>Versi\u00f3n 9&nbsp;<a href=\"http:\/\/windows.microsoft.com\/es-es\/windows7\/how-to-manage-cookies-in-internet-explorer-9\">http:\/\/windows.microsoft.com\/es-es\/windows7\/how-to-manage-cookies-in-internet-explorer-9<\/a><\/p>\n\n\n\n<p>SAFARI<\/p>\n\n\n\n<figure class=\"wp-block-embed\"><div class=\"wp-block-embed__wrapper\">\nhttp:\/\/support.apple.com\/kb\/PH5042?viewlocale=es_ES\n<\/div><\/figure>\n\n\n\n<figure class=\"wp-block-embed\"><div class=\"wp-block-embed__wrapper\">\nhttp:\/\/support.apple.com\/kb\/HT1677?viewlocale=es_ES\n<\/div><\/figure>\n\n\n\n<p>GOOGLE CHROME<\/p>\n\n\n\n<figure class=\"wp-block-embed\"><div class=\"wp-block-embed__wrapper\">\nhttps:\/\/support.google.com\/chrome\/answer\/95647?hl=es&#038;hlrm=en\n<\/div><\/figure>\n\n\n\n<p>FIREFOX<\/p>\n\n\n\n<figure class=\"wp-block-embed\"><div class=\"wp-block-embed__wrapper\">\nhttp:\/\/support.mozilla.org\/es\/kb\/cookies-informacion-que-los-sitios-web-guardan-en-?redirectlocale=en-US&#038;redirectslug=Cookies\n<\/div><\/figure>\n\n\n\n<p>OPERA<\/p>\n\n\n\n<figure class=\"wp-block-embed\"><div class=\"wp-block-embed__wrapper\">\nhttp:\/\/help.opera.com\/Windows\/11.50\/es-ES\/cookies.html\n<\/div><\/figure>\n\n\n\n<p>ANDROID<\/p>\n\n\n\n<figure class=\"wp-block-embed\"><div class=\"wp-block-embed__wrapper\">\nhttp:\/\/support.google.com\/android\/?hl=es\n<\/div><\/figure>\n\n\n\n<p>WINDOWS PHONE<\/p>\n\n\n\n<figure class=\"wp-block-embed\"><div class=\"wp-block-embed__wrapper\">\nhttp:\/\/www.windowsphone.com\/es-ES\/how-to\/wp7\/web\/changing-privacy-and-other-browser-settings\n<\/div><\/figure>\n\n\n\n<p>BLACKBERRY<\/p>\n\n\n\n<figure class=\"wp-block-embed\"><div class=\"wp-block-embed__wrapper\">\nhttp:\/\/docs.blackberry.com\/en\/smartphone_users\/deliverables\/1857\/Turn_off_cookies_in_the_browser_60_1072866_11.jsp\n<\/div><\/figure>\n","protected":false},"excerpt":{"rendered":"<p>\u00bfQu\u00e9 es una cookie? Las cookies son ficheros que se descargan en el terminal (ordenador\/smartphone\/tablet) del usuario al acceder a determinadas p\u00e1ginas web&nbsp;y&#8230;<\/p>\n","protected":false},"author":2,"featured_media":0,"parent":0,"menu_order":0,"comment_status":"closed","ping_status":"closed","template":"","meta":{"footnotes":""},"class_list":["post-221","page","type-page","status-publish","hentry"],"_links":{"self":[{"href":"https:\/\/dimiberic.org\/index.php\/wp-json\/wp\/v2\/pages\/221","targetHints":{"allow":["GET"]}}],"collection":[{"href":"https:\/\/dimiberic.org\/index.php\/wp-json\/wp\/v2\/pages"}],"about":[{"href":"https:\/\/dimiberic.org\/index.php\/wp-json\/wp\/v2\/types\/page"}],"author":[{"embeddable":true,"href":"https:\/\/dimiberic.org\/index.php\/wp-json\/wp\/v2\/users\/2"}],"replies":[{"embeddable":true,"href":"https:\/\/dimiberic.org\/index.php\/wp-json\/wp\/v2\/comments?post=221"}],"version-history":[{"count":1,"href":"https:\/\/dimiberic.org\/index.php\/wp-json\/wp\/v2\/pages\/221\/revisions"}],"predecessor-version":[{"id":223,"href":"https:\/\/dimiberic.org\/index.php\/wp-json\/wp\/v2\/pages\/221\/revisions\/223"}],"wp:attachment":[{"href":"https:\/\/dimiberic.org\/index.php\/wp-json\/wp\/v2\/media?parent=221"}],"curies":[{"name":"wp","href":"https:\/\/api.w.org\/{rel}","templated":true}]}}