{"id":3,"date":"2019-04-26T08:21:29","date_gmt":"2019-04-26T08:21:29","guid":{"rendered":"http:\/\/dimiberic.org\/wen\/?page_id=3"},"modified":"2025-03-15T21:21:16","modified_gmt":"2025-03-15T21:21:16","slug":"privacy-policy","status":"publish","type":"page","link":"https:\/\/dimiberic.org\/","title":{"rendered":"Inicio"},"content":{"rendered":"\r\n<div class=\"wp-block-image\">\r\n<figure class=\"alignleft is-resized\"><img loading=\"lazy\" decoding=\"async\" class=\"wp-image-242\" src=\"http:\/\/dimiberic.org\/wen\/wp-content\/uploads\/2019\/05\/Ni\u00f1os-orando.png\" alt=\"\" width=\"293\" height=\"252\" srcset=\"https:\/\/dimiberic.org\/wp-content\/uploads\/2019\/05\/Ni\u00f1os-orando.png 556w, https:\/\/dimiberic.org\/wp-content\/uploads\/2019\/05\/Ni\u00f1os-orando-300x259.png 300w\" sizes=\"auto, (max-width: 293px) 100vw, 293px\" \/><\/figure>\r\n<\/div>\r\n\r\n\r\n\r\n<h2 class=\"wp-block-heading\" style=\"text-align: center;\">Somos una organizaci\u00f3n internacional mon\u00e1stica, que apoyamos el di\u00e1logo interreligioso, especialmente desde de la experiencia y la pr\u00e1ctica religiosa, entre monjes cristianos y las grandes religiones.<\/h2>\r\n<p style=\"text-align: center;\"><img loading=\"lazy\" decoding=\"async\" class=\"size-medium wp-image-1974 alignleft\" src=\"http:\/\/dimiberic.org\/wp-content\/uploads\/2025\/03\/CARTEL-EI-2025-212x300.jpg\" alt=\"\" width=\"212\" height=\"300\" srcset=\"https:\/\/dimiberic.org\/wp-content\/uploads\/2025\/03\/CARTEL-EI-2025-212x300.jpg 212w, https:\/\/dimiberic.org\/wp-content\/uploads\/2025\/03\/CARTEL-EI-2025-724x1024.jpg 724w, https:\/\/dimiberic.org\/wp-content\/uploads\/2025\/03\/CARTEL-EI-2025-768x1086.jpg 768w, https:\/\/dimiberic.org\/wp-content\/uploads\/2025\/03\/CARTEL-EI-2025-1086x1536.jpg 1086w, https:\/\/dimiberic.org\/wp-content\/uploads\/2025\/03\/CARTEL-EI-2025.jpg 1414w\" sizes=\"auto, (max-width: 212px) 100vw, 212px\" \/><\/p>\r\n<p>&nbsp;<\/p>\r\n<p style=\"text-align: center;\"><span style=\"color: #008000;\"><strong>Les invitamos a participar en el Encuentro interreligioso \u00abOportunidades para la unidad y desaf\u00edos\u00bb que tendr\u00e1 lugar del 4 al 6 de junio en el Monasterio de benedictinas de Le\u00f3n (Espa\u00f1a) con la participaci\u00f3n de <span style=\"font-family: verdana, sans-serif;\">John Mart\u00edn, monje camaldulense, y Soufian Al Kadaoui, miembro de la asociaci\u00f3n internacional sufi <\/span>Alawiyya.<\/strong><\/span><\/p>\r\n","protected":false},"excerpt":{"rendered":"<p>Somos una organizaci\u00f3n internacional mon\u00e1stica, que apoyamos el di\u00e1logo interreligioso, especialmente desde de la experiencia y la pr\u00e1ctica religiosa, entre monjes cristianos y&#8230;<\/p>\n","protected":false},"author":2,"featured_media":0,"parent":0,"menu_order":0,"comment_status":"closed","ping_status":"closed","template":"","meta":{"footnotes":""},"class_list":["post-3","page","type-page","status-publish","hentry"],"_links":{"self":[{"href":"https:\/\/dimiberic.org\/index.php\/wp-json\/wp\/v2\/pages\/3","targetHints":{"allow":["GET"]}}],"collection":[{"href":"https:\/\/dimiberic.org\/index.php\/wp-json\/wp\/v2\/pages"}],"about":[{"href":"https:\/\/dimiberic.org\/index.php\/wp-json\/wp\/v2\/types\/page"}],"author":[{"embeddable":true,"href":"https:\/\/dimiberic.org\/index.php\/wp-json\/wp\/v2\/users\/2"}],"replies":[{"embeddable":true,"href":"https:\/\/dimiberic.org\/index.php\/wp-json\/wp\/v2\/comments?post=3"}],"version-history":[{"count":5,"href":"https:\/\/dimiberic.org\/index.php\/wp-json\/wp\/v2\/pages\/3\/revisions"}],"predecessor-version":[{"id":1977,"href":"https:\/\/dimiberic.org\/index.php\/wp-json\/wp\/v2\/pages\/3\/revisions\/1977"}],"wp:attachment":[{"href":"https:\/\/dimiberic.org\/index.php\/wp-json\/wp\/v2\/media?parent=3"}],"curies":[{"name":"wp","href":"https:\/\/api.w.org\/{rel}","templated":true}]}}