{"id":331,"date":"2019-05-04T10:05:05","date_gmt":"2019-05-04T10:05:05","guid":{"rendered":"http:\/\/dimiberic.org\/?page_id=331"},"modified":"2019-06-21T17:58:12","modified_gmt":"2019-06-21T17:58:12","slug":"documentos","status":"publish","type":"page","link":"https:\/\/dimiberic.org\/index.php\/documentos\/","title":{"rendered":"Documentos"},"content":{"rendered":"<h1><a href=\"http:\/\/dimiberic.org\/index.php\/2019\/04\/30\/el-dialogo-interreligioso-monastico-cuestiones-de-teologia\/\">El Di\u00e1logo Interreligioso Mon\u00e1stico: cuestiones de teolog\u00eda<img loading=\"lazy\" decoding=\"async\" class=\"size-medium wp-image-346 alignright\" src=\"http:\/\/dimiberic.org\/wp-content\/uploads\/2019\/05\/Ramadan-300x168.jpg\" alt=\"\" width=\"300\" height=\"168\" \/><\/a><\/h1>\n<h1><a href=\"http:\/\/dimiberic.org\/index.php\/2019\/04\/30\/vademecum-del-dialogo-interreligioso\/\">Vademec\u00fam del Di\u00e1logo Interreligioso<\/a><\/h1>\n<h1><\/h1>\n","protected":false},"excerpt":{"rendered":"<p>El Di\u00e1logo Interreligioso Mon\u00e1stico: cuestiones de teolog\u00eda Vademec\u00fam del Di\u00e1logo Interreligioso<\/p>\n","protected":false},"author":2,"featured_media":0,"parent":0,"menu_order":0,"comment_status":"closed","ping_status":"closed","template":"","meta":{"footnotes":""},"class_list":["post-331","page","type-page","status-publish","hentry"],"_links":{"self":[{"href":"https:\/\/dimiberic.org\/index.php\/wp-json\/wp\/v2\/pages\/331","targetHints":{"allow":["GET"]}}],"collection":[{"href":"https:\/\/dimiberic.org\/index.php\/wp-json\/wp\/v2\/pages"}],"about":[{"href":"https:\/\/dimiberic.org\/index.php\/wp-json\/wp\/v2\/types\/page"}],"author":[{"embeddable":true,"href":"https:\/\/dimiberic.org\/index.php\/wp-json\/wp\/v2\/users\/2"}],"replies":[{"embeddable":true,"href":"https:\/\/dimiberic.org\/index.php\/wp-json\/wp\/v2\/comments?post=331"}],"version-history":[{"count":4,"href":"https:\/\/dimiberic.org\/index.php\/wp-json\/wp\/v2\/pages\/331\/revisions"}],"predecessor-version":[{"id":552,"href":"https:\/\/dimiberic.org\/index.php\/wp-json\/wp\/v2\/pages\/331\/revisions\/552"}],"wp:attachment":[{"href":"https:\/\/dimiberic.org\/index.php\/wp-json\/wp\/v2\/media?parent=331"}],"curies":[{"name":"wp","href":"https:\/\/api.w.org\/{rel}","templated":true}]}}