{"id":72,"date":"2019-04-28T16:05:05","date_gmt":"2019-04-28T16:05:05","guid":{"rendered":"http:\/\/dimiberic.org\/wen\/?page_id=72"},"modified":"2019-05-20T18:21:33","modified_gmt":"2019-05-20T18:21:33","slug":"miembros-de-la-comision-iberica","status":"publish","type":"page","link":"https:\/\/dimiberic.org\/index.php\/miembros-de-la-comision-iberica\/","title":{"rendered":"Miembros"},"content":{"rendered":"\r\n<h4 class=\"wp-block-heading\" style=\"text-align: center;\"><em>La Comisi\u00f3n Ib\u00e9rica del DIM nace en 1991, como consecuencia de la convivencia entre monjes budistas zen y cat\u00f3licos del monasterio de Montserrat, en el marco de los intercambios espirituales Este-Oeste, con participaci\u00f3n de monjes benedictinos y cistercienses de Espa\u00f1a y Portugal<\/em><\/h4>\r\n<h4 style=\"text-align: center;\"><span style=\"color: #000080;\"><strong>Comisi\u00f3n Ib\u00e9rica del DIM 2019<\/strong><\/span><\/h4>\r\n<p><img loading=\"lazy\" decoding=\"async\" class=\" wp-image-123 aligncenter\" src=\"http:\/\/dimiberic.org\/wp-content\/uploads\/2019\/04\/Actividades-1-300x228.jpg\" alt=\"\" width=\"592\" height=\"450\" srcset=\"https:\/\/dimiberic.org\/wp-content\/uploads\/2019\/04\/Actividades-1-300x228.jpg 300w, https:\/\/dimiberic.org\/wp-content\/uploads\/2019\/04\/Actividades-1-768x584.jpg 768w, https:\/\/dimiberic.org\/wp-content\/uploads\/2019\/04\/Actividades-1-1024x778.jpg 1024w, https:\/\/dimiberic.org\/wp-content\/uploads\/2019\/04\/Actividades-1.jpg 1536w\" sizes=\"auto, (max-width: 592px) 100vw, 592px\" \/><\/p>\r\n\r\n\r\n\r\n<div class=\"wp-block-image\">\r\n<figure class=\"aligncenter is-resized\"><img loading=\"lazy\" decoding=\"async\" class=\"wp-image-78\" src=\"http:\/\/dimiberic.org\/wen\/wp-content\/uploads\/2019\/04\/DIM-png-pequeno.png\" alt=\"\" width=\"42\" height=\"46\" \/><img loading=\"lazy\" decoding=\"async\" class=\" wp-image-87 aligncenter\" src=\"http:\/\/dimiberic.org\/wp-content\/uploads\/2019\/04\/DIM-png-pequeno-1.png\" alt=\"\" width=\"67\" height=\"73\" \/><\/figure>\r\n<\/div>\r\n\r\n\r\n\r\n<h3 class=\"wp-block-heading\" style=\"text-align: center;\"><strong>Hno. Jos\u00e9 Luis Navarro, OCSO (Coordinador)<\/strong><\/h3>\r\n\r\n\r\n\r\n<h4 class=\"wp-block-heading\" style=\"text-align: center;\"><em>Monasterio de Ntra. Sra. del Atlas (Marruecos)<\/em><\/h4>\r\n\r\n\r\n\r\n<h4 class=\"wp-block-heading\" style=\"text-align: center;\"><em>e-mail: joseluis@monasteriohuerta.org<\/em><\/h4>\r\n\r\n\r\n\r\n<div class=\"wp-block-image\">\r\n<figure class=\"aligncenter is-resized\"><img loading=\"lazy\" decoding=\"async\" class=\"wp-image-78\" src=\"http:\/\/dimiberic.org\/wen\/wp-content\/uploads\/2019\/04\/DIM-png-pequeno.png\" alt=\"\" width=\"42\" height=\"46\" \/><img loading=\"lazy\" decoding=\"async\" class=\" wp-image-87 aligncenter\" src=\"http:\/\/dimiberic.org\/wp-content\/uploads\/2019\/04\/DIM-png-pequeno-1.png\" alt=\"\" width=\"67\" height=\"73\" \/><\/figure>\r\n<\/div>\r\n\r\n\r\n\r\n<h3 class=\"wp-block-heading\" style=\"text-align: center;\"><strong>Hna. Ernestina \u00c1lvarez Tejerina, OSB<\/strong><\/h3>\r\n\r\n\r\n\r\n<h4 class=\"wp-block-heading\" style=\"text-align: center;\"><em>\u00a0Monasterio de Santa Mar\u00eda de Carbajal (Le\u00f3n)<\/em><\/h4>\r\n\r\n\r\n\r\n<h4 class=\"wp-block-heading\" style=\"text-align: center;\"><em>e-mail: e.benedictinas@hotmail.es<\/em><\/h4>\r\n\r\n\r\n\r\n<div class=\"wp-block-image\">\r\n<figure class=\"aligncenter is-resized\"><img loading=\"lazy\" decoding=\"async\" class=\"wp-image-78\" src=\"http:\/\/dimiberic.org\/wen\/wp-content\/uploads\/2019\/04\/DIM-png-pequeno.png\" alt=\"\" width=\"42\" height=\"46\" \/><img loading=\"lazy\" decoding=\"async\" class=\" wp-image-87 aligncenter\" src=\"http:\/\/dimiberic.org\/wp-content\/uploads\/2019\/04\/DIM-png-pequeno-1.png\" alt=\"\" width=\"67\" height=\"73\" \/><\/figure>\r\n<\/div>\r\n\r\n\r\n\r\n<h3 class=\"wp-block-heading\" style=\"text-align: center;\"><strong>Hna. Mar\u00eda del Carmen Reales Garc\u00eda, OSB<\/strong><\/h3>\r\n\r\n\r\n\r\n<h4 class=\"wp-block-heading\" style=\"text-align: center;\"><em>Monasterio de Nuestra Se\u00f1ora de la Fuensanta (Murcia)<\/em><\/h4>\r\n\r\n\r\n\r\n<h4 class=\"wp-block-heading\" style=\"text-align: center;\"><em>e-mail: benefuenta@hotmail.com<\/em><\/h4>\r\n\r\n\r\n\r\n<div class=\"wp-block-image\">\r\n<figure class=\"aligncenter is-resized\"><img loading=\"lazy\" decoding=\"async\" class=\"wp-image-78\" src=\"http:\/\/dimiberic.org\/wen\/wp-content\/uploads\/2019\/04\/DIM-png-pequeno.png\" alt=\"\" width=\"42\" height=\"46\" \/><img loading=\"lazy\" decoding=\"async\" class=\" wp-image-87 aligncenter\" src=\"http:\/\/dimiberic.org\/wp-content\/uploads\/2019\/04\/DIM-png-pequeno-1.png\" alt=\"\" width=\"67\" height=\"73\" \/><\/figure>\r\n<figure>\r\n<h3 style=\"text-align: center;\"><strong>Madre Vera Mar\u00eda, OCD<\/strong><\/h3>\r\n\r\n\r\n\r\n<h4 class=\"wp-block-heading\" style=\"text-align: center;\"><em>Mosteiro Carmelita de Bande (Portugal)<\/em><\/h4>\r\n\r\n\r\n\r\n<h4 class=\"wp-block-heading\" style=\"text-align: center;\"><em>e-mail: mosteirodebande@gmail.com<\/em><\/h4>\r\n<\/figure>\r\n<figure><\/figure>\r\n<figure><\/figure>\r\n<figure class=\"aligncenter is-resized\"><img loading=\"lazy\" decoding=\"async\" class=\"wp-image-78\" src=\"http:\/\/dimiberic.org\/wen\/wp-content\/uploads\/2019\/04\/DIM-png-pequeno.png\" alt=\"\" width=\"42\" height=\"46\" \/><img loading=\"lazy\" decoding=\"async\" class=\" wp-image-87 aligncenter\" src=\"http:\/\/dimiberic.org\/wp-content\/uploads\/2019\/04\/DIM-png-pequeno-1.png\" alt=\"\" width=\"67\" height=\"73\" \/><\/figure>\r\n<\/div>\r\n\r\n\r\n\r\n<h3 class=\"wp-block-heading\" style=\"text-align: center;\"><strong>Hna. Mar\u00eda Reis Catarino, OSB<\/strong><\/h3>\r\n\r\n\r\n\r\n<h4 class=\"wp-block-heading\" style=\"text-align: center;\"><em>Mosteiro de Roriz (Portugal)<\/em><\/h4>\r\n\r\n\r\n\r\n<h4 class=\"wp-block-heading\" style=\"text-align: center;\"><em>e-mail: maria.reiscatarinosb@gmail.com<\/em><\/h4>\r\n\r\n\r\n\r\n<div class=\"wp-block-image\">\r\n<figure class=\"aligncenter is-resized\"><img loading=\"lazy\" decoding=\"async\" class=\"wp-image-78\" src=\"http:\/\/dimiberic.org\/wen\/wp-content\/uploads\/2019\/04\/DIM-png-pequeno.png\" alt=\"\" width=\"42\" height=\"46\" \/><img loading=\"lazy\" decoding=\"async\" class=\" wp-image-87 aligncenter\" src=\"http:\/\/dimiberic.org\/wp-content\/uploads\/2019\/04\/DIM-png-pequeno-1.png\" alt=\"\" width=\"67\" height=\"73\" \/><\/figure>\r\n<\/div>\r\n\r\n\r\n\r\n<h3 class=\"wp-block-heading\" style=\"text-align: center;\"><strong>P. Carles Xavier Noriega, OSB<\/strong><\/h3>\r\n\r\n\r\n\r\n<h4 class=\"wp-block-heading\" style=\"text-align: center;\"><em>Monestir de Montserrat (Barcelona)<\/em><\/h4>\r\n\r\n\r\n\r\n<h4 class=\"wp-block-heading\" style=\"text-align: center;\"><em>e-mail: carlesxavier@gmail.com<\/em><\/h4>\r\n\r\n\r\n\r\n<div class=\"wp-block-image\">\r\n<figure class=\"aligncenter is-resized\"><img loading=\"lazy\" decoding=\"async\" class=\"wp-image-78\" src=\"http:\/\/dimiberic.org\/wen\/wp-content\/uploads\/2019\/04\/DIM-png-pequeno.png\" alt=\"\" width=\"42\" height=\"46\" \/><img loading=\"lazy\" decoding=\"async\" class=\" wp-image-87 aligncenter\" src=\"http:\/\/dimiberic.org\/wp-content\/uploads\/2019\/04\/DIM-png-pequeno-1.png\" alt=\"\" width=\"67\" height=\"73\" \/><\/figure>\r\n<\/div>\r\n\r\n\r\n\r\n<h3 class=\"wp-block-heading\" style=\"text-align: center;\"><strong>Hna. Rosa M. de la Parra Sanagust\u00edn, OSB<\/strong><\/h3>\r\n\r\n\r\n\r\n<h4 class=\"wp-block-heading\" style=\"text-align: center;\"><em>Monestir de Sant Pere de les Puel\u00b7les (Barcelona)<\/em><\/h4>\r\n\r\n\r\n\r\n<h4 class=\"wp-block-heading\" style=\"text-align: center;\"><em>e-mail: rmdelaparra@gmail.com<\/em><\/h4>\r\n\r\n\r\n\r\n<div class=\"wp-block-image\">\r\n<figure class=\"aligncenter is-resized\"><img loading=\"lazy\" decoding=\"async\" class=\"wp-image-78\" src=\"http:\/\/dimiberic.org\/wen\/wp-content\/uploads\/2019\/04\/DIM-png-pequeno.png\" alt=\"\" width=\"42\" height=\"46\" \/><img loading=\"lazy\" decoding=\"async\" class=\" wp-image-87 aligncenter\" src=\"http:\/\/dimiberic.org\/wp-content\/uploads\/2019\/04\/DIM-png-pequeno-1.png\" alt=\"\" width=\"67\" height=\"73\" \/><\/figure>\r\n<\/div>\r\n\r\n\r\n\r\n<h3 class=\"wp-block-heading\" style=\"text-align: center;\"><strong>D. Pedro \u00c1lvarez Tejerina<\/strong><\/h3>\r\n\r\n\r\n\r\n<h4 class=\"wp-block-heading\" style=\"text-align: center;\"><em>Madrid<\/em><\/h4>\r\n\r\n\r\n\r\n<h4 class=\"wp-block-heading\" style=\"text-align: center;\"><em>alvareztejerina@telefonica.net<\/em><\/h4>\r\n\r\n\r\n\r\n<div class=\"wp-block-image\">\r\n<figure class=\"aligncenter is-resized\"><img loading=\"lazy\" decoding=\"async\" class=\"wp-image-78\" src=\"http:\/\/dimiberic.org\/wen\/wp-content\/uploads\/2019\/04\/DIM-png-pequeno.png\" alt=\"\" width=\"42\" height=\"46\" \/><img loading=\"lazy\" decoding=\"async\" class=\" wp-image-87 aligncenter\" src=\"http:\/\/dimiberic.org\/wp-content\/uploads\/2019\/04\/DIM-png-pequeno-1.png\" alt=\"\" width=\"67\" height=\"73\" \/><\/figure>\r\n<\/div>\r\n\r\n\r\n\r\n<h3 class=\"wp-block-heading\" style=\"text-align: center;\"><strong>Hno. Miguel Angel Arias P\u00e9rez, OCSO<\/strong><\/h3>\r\n\r\n\r\n\r\n<h4 class=\"wp-block-heading\" style=\"text-align: center;\"><em>Abad\u00eda de Viaceli (Cantabria)<\/em><\/h4>\r\n\r\n\r\n\r\n<h4 class=\"wp-block-heading\" style=\"text-align: center;\"><em>\u00a0e-mail:angelmiguel.ocso@gmail.com<\/em><\/h4>\r\n\r\n\r\n\r\n<div class=\"wp-block-image\">\r\n<figure class=\"aligncenter is-resized\"><img loading=\"lazy\" decoding=\"async\" class=\"wp-image-78\" src=\"http:\/\/dimiberic.org\/wen\/wp-content\/uploads\/2019\/04\/DIM-png-pequeno.png\" alt=\"\" width=\"42\" height=\"46\" \/><img loading=\"lazy\" decoding=\"async\" class=\" wp-image-87 aligncenter\" src=\"http:\/\/dimiberic.org\/wp-content\/uploads\/2019\/04\/DIM-png-pequeno-1.png\" alt=\"\" width=\"67\" height=\"73\" \/><\/figure>\r\n<\/div>\r\n\r\n\r\n\r\n<h3 class=\"wp-block-heading\" style=\"text-align: center;\"><strong>Hno. Abd\u00f3n Rodr\u00edguez Herv\u00e1s, OCSO<\/strong><\/h3>\r\n\r\n\r\n\r\n<h4 class=\"wp-block-heading\" style=\"text-align: center;\"><em>Monasterio de Zenarruza (Vizcaya)<\/em><\/h4>\r\n\r\n\r\n\r\n<h4 class=\"wp-block-heading\" style=\"text-align: center;\"><em>e-mail: abdon.escalonias@planalfa.es<\/em><\/h4>\r\n\r\n<div class=\"wp-block-image\">\r\n<figure class=\"aligncenter is-resized\"><img loading=\"lazy\" decoding=\"async\" class=\"wp-image-10\" src=\"http:\/\/dimiberic.org\/wen\/wp-content\/uploads\/2019\/04\/DIM.png\" alt=\"\" width=\"59\" height=\"59\" srcset=\"https:\/\/dimiberic.org\/wp-content\/uploads\/2019\/04\/DIM.png 180w, https:\/\/dimiberic.org\/wp-content\/uploads\/2019\/04\/DIM-150x150.png 150w\" sizes=\"auto, (max-width: 59px) 100vw, 59px\" \/><\/figure>\r\n<\/div>\r\n<p>&nbsp;<\/p>\r\n\r\n<h4 class=\"wp-block-heading\" style=\"text-align: center;\"><em>Si deseas colaborar con el DIM como enlace desde tu comunidad, escribe a Jos\u00e9 Luis Navarro: joseluis@monasteriohuerta.org<\/em><\/h4>\r\n","protected":false},"excerpt":{"rendered":"<p>La Comisi\u00f3n Ib\u00e9rica del DIM nace en 1991, como consecuencia de la convivencia entre monjes budistas zen y cat\u00f3licos del monasterio de Montserrat,&#8230;<\/p>\n","protected":false},"author":2,"featured_media":0,"parent":0,"menu_order":0,"comment_status":"closed","ping_status":"closed","template":"","meta":{"footnotes":""},"class_list":["post-72","page","type-page","status-publish","hentry"],"_links":{"self":[{"href":"https:\/\/dimiberic.org\/index.php\/wp-json\/wp\/v2\/pages\/72","targetHints":{"allow":["GET"]}}],"collection":[{"href":"https:\/\/dimiberic.org\/index.php\/wp-json\/wp\/v2\/pages"}],"about":[{"href":"https:\/\/dimiberic.org\/index.php\/wp-json\/wp\/v2\/types\/page"}],"author":[{"embeddable":true,"href":"https:\/\/dimiberic.org\/index.php\/wp-json\/wp\/v2\/users\/2"}],"replies":[{"embeddable":true,"href":"https:\/\/dimiberic.org\/index.php\/wp-json\/wp\/v2\/comments?post=72"}],"version-history":[{"count":5,"href":"https:\/\/dimiberic.org\/index.php\/wp-json\/wp\/v2\/pages\/72\/revisions"}],"predecessor-version":[{"id":469,"href":"https:\/\/dimiberic.org\/index.php\/wp-json\/wp\/v2\/pages\/72\/revisions\/469"}],"wp:attachment":[{"href":"https:\/\/dimiberic.org\/index.php\/wp-json\/wp\/v2\/media?parent=72"}],"curies":[{"name":"wp","href":"https:\/\/api.w.org\/{rel}","templated":true}]}}